{"id":13,"date":"2023-02-01T14:00:07","date_gmt":"2023-02-01T13:00:07","guid":{"rendered":"http:\/\/altereg.pl\/pl\/?page_id=13"},"modified":"2025-11-21T03:15:17","modified_gmt":"2025-11-21T02:15:17","slug":"nasza-oferta","status":"publish","type":"page","link":"https:\/\/www.alterreg.pl\/pl\/nasza-oferta","title":{"rendered":"REGENERAJCA ALTERNATOR\u00d3W I ROZRUSZNIK\u00d3W"},"content":{"rendered":"<p><a href=\"https:\/\/www.alterreg.pl\/pl\/wp-content\/uploads\/2023\/11\/sli1.jpg\" rel=\"wp-prettyPhoto[13]\"><img loading=\"lazy\" class=\"alignnone size-full wp-image-420\" src=\"https:\/\/www.alterreg.pl\/pl\/wp-content\/uploads\/2023\/11\/sli1.jpg\" alt=\"\" width=\"1920\" height=\"1080\" srcset=\"https:\/\/www.alterreg.pl\/pl\/wp-content\/uploads\/2023\/11\/sli1.jpg 1920w, https:\/\/www.alterreg.pl\/pl\/wp-content\/uploads\/2023\/11\/sli1-300x169.jpg 300w, https:\/\/www.alterreg.pl\/pl\/wp-content\/uploads\/2023\/11\/sli1-1024x576.jpg 1024w, https:\/\/www.alterreg.pl\/pl\/wp-content\/uploads\/2023\/11\/sli1-768x432.jpg 768w, https:\/\/www.alterreg.pl\/pl\/wp-content\/uploads\/2023\/11\/sli1-1536x864.jpg 1536w\" sizes=\"(max-width: 1920px) 100vw, 1920px\" \/><\/a><\/p>\n<p>Nasza oferta <strong>regeneracji alternator\u00f3w i rozrusznik\u00f3w<\/strong> skierowana jest g\u0142\u00f3wnie do zak\u0142ad\u00f3w mechaniki pojazdowej, mechanik\u00f3w, warsztat\u00f3w samochodowych, <a href=\"https:\/\/www.alterreg.pl\/pl\/o-firmie\">elektromechanik<\/a>\u00f3w, firm spedycyjnych oraz os\u00f3b lubi\u0105cych pomajsterkowa\u0107 przy samochodzie. Nie zamykamy si\u0119 jednak na klient\u00f3w detalicznych, dla nich r\u00f3wnie\u017c przygotowali\u015bmy atrakcyjn\u0105 ofert\u0119.<\/p>\n<p>Firma <strong>Alter<\/strong> zajmuje si\u0119 przede wszystkim kompleksow\u0105 napraw\u0105 oraz regeneracj\u0105 alternator\u00f3w i rozrusznik\u00f3w. Dzi\u0119ki wsp\u00f3\u0142pracy z hurtowniami z ca\u0142ej Polski jeste\u015bmy w stanie rozwi\u0105za\u0107 wiele problem\u00f3w naszych klient\u00f3w w korzystnej cenie.<\/p>\n<p>Naprawiamy urz\u0105dzenia wszystkich firm, <strong>m.in.\u00a0Magneti Marelli, Bosch, Valeo, Denso, Hitachi czy Mitsubishi<\/strong>.<\/p>\n<p>Bez problemu poradzimy sobie r\u00f3wnie\u017c z urz\u0105dzeniami w nowych pojazdach sterowanymi cyfrowo, r\u00f3wnie\u017c z pojazd\u00f3w posiadaj\u0105cych funkcje START STOP. Naprawiamy r\u00f3wnie\u017c alternatory Valeo Start-Stop serii IST60 wyst\u0119puj\u0105cych w pojazdach marki Citroen, Fiat, Peugeot, Toyota.\u00a0<\/p>\n<p>Aby da\u0107 Pa\u0144stwu bezpiecze\u0144stwo oraz sprosta\u0107 wymaganiom udzielamy <strong>12 miesi\u0119cznej<\/strong> pisemnej gwarancji.<\/p>\n<p><strong>OFERTA DLA KLIENT\u00d3W Z REGIONU<\/strong><\/p>\n<p>Dla firm chc\u0105cych z nami wsp\u00f3\u0142pracowa\u0107 oferujemy mo\u017cliwo\u015b\u0107 odbioru zepsutych urz\u0105dze\u0144 od klienta po wcze\u015bniejszym kontakcie telefonicznym. Daje to Pa\u0144stwu szanse na zaoszcz\u0119dzenie cennego czasu.<\/p>\n<p>Dzia\u0142amy na terenie wojew\u00f3dztw, ma\u0142opolskiego podkarpackiego i \u015bwi\u0119tokrzyskiego w promieniu 50km od Tarnowa.\u00a0 W razie potrzeby bywamy w wi\u0119kszo\u015bci miejscowo\u015bci w regionie,<strong> m.in.\u00a0<a href=\"https:\/\/www.alterreg.pl\/pl\/naprawa-rozrusznika-alternatora-debica\">D\u0119bica<\/a>, Pilzno, D\u0105browa Tarnowska, Mielec, Wojnicz, <a href=\"https:\/\/www.alterreg.pl\/pl\/naprawa-alternatora-rozrusznika-brzesko\" target=\"_blank\" rel=\"noopener noreferrer\">Brzesko<\/a>, Bochnia, <a href=\"https:\/\/www.alterreg.pl\/pl\/naprawa-alternatora-rozrusznika-tuchow\">Tuch\u00f3w<\/a>, Gromnik, Ryglice, Szczucin, Zakliczyn.\u00a0<\/strong><\/p>\n<p>Naprawy w wi\u0119kszo\u015bci realizowane s\u0105 w ci\u0105gu jednego dnia roboczego (wyj\u0105tkiem mo\u017ce by\u0107 d\u0142u\u017cszy czas oczekiwania na cz\u0119\u015bci z hurtowni\u00a0&#8211; w takim wypadku informujemy Klienta o wyd\u0142u\u017conym czasie oczekiwania).<\/p>\n<p><strong>OFERTA DLA KLIENT\u00d3W Z CA\u0141EJ POLSKI<\/strong><\/p>\n<p>Aby sprosta\u0107 Pa\u0144stwa wymaganiom, uruchomili\u015bmy opcj\u0119 <strong>&#8222;Naprawa na odleg\u0142o\u015b\u0107&#8221;<\/strong>.<\/p>\n<p>Dzi\u0119ki tej ofercie, naprawimy Pa\u0144stwa sprz\u0119t nie wa\u017cne, z kt\u00f3rej cz\u0119\u015bci Polski jeste\u015bcie.<\/p>\n<p>Jak to zrobi\u0107? Bardzo proste!<\/p>\n<ol>\n<li>Skontaktuj si\u0119 z nami telefonicznie lub mailowo pod adresem:\u00a0<strong>kontakt@alterreg.pl<\/strong><\/li>\n<li>My zam\u00f3wimy kuriera, kt\u00f3ry odbierze paczk\u0119. (wystarczy spakowa\u0107 i wydrukowa\u0107 list przewozowy)<\/li>\n<li>Nast\u0119pnego dnia przesy\u0142ka jest ju\u017c u nas. Sprz\u0119t jest naprawiany.<\/li>\n<li>Tego samego dnia w godzinach popo\u0142udniowych urz\u0105dzenie zostaje odes\u0142ane do Pa\u0144stwa kurierem. (wyj\u0105tkiem mo\u017ce by\u0107 ewentualny problem dost\u0119pno\u015bci cz\u0119\u015bci niezb\u0119dnych do naprawy na hurtowni &#8211; w takim wypadku informujemy Klienta o wyd\u0142u\u017conym czasie oczekiwania)<\/li>\n<\/ol>\n<p>Oczywi\u015bcie w tym przypadku, tak\u017ce otrzymujecie Pa\u0144stwo<strong> 12 miesi\u0119cznej gwarancji<\/strong> na wykonan\u0105 us\u0142ug\u0119 oraz faktur\u0119 VAT lub paragon fiskalny.<\/p>\n\n\n<p><\/p>\n","protected":false},"excerpt":{"rendered":"<p>Nasza oferta regeneracji alternator\u00f3w i rozrusznik\u00f3w skierowana jest g\u0142\u00f3wnie do zak\u0142ad\u00f3w mechaniki pojazdowej, mechanik\u00f3w, warsztat\u00f3w samochodowych, elektromechanik\u00f3w, firm spedycyjnych oraz os\u00f3b lubi\u0105cych pomajsterkowa\u0107 przy samochodzie. Nie zamykamy si\u0119 jednak na klient\u00f3w detalicznych, dla nich r\u00f3wnie\u017c przygotowali\u015bmy atrakcyjn\u0105 ofert\u0119. Firma Alter zajmuje si\u0119 przede wszystkim kompleksow\u0105 napraw\u0105 oraz [&hellip;]<\/p>\n","protected":false},"author":1,"featured_media":0,"parent":0,"menu_order":0,"comment_status":"open","ping_status":"closed","template":"","meta":[],"_links":{"self":[{"href":"https:\/\/www.alterreg.pl\/pl\/wp-json\/wp\/v2\/pages\/13"}],"collection":[{"href":"https:\/\/www.alterreg.pl\/pl\/wp-json\/wp\/v2\/pages"}],"about":[{"href":"https:\/\/www.alterreg.pl\/pl\/wp-json\/wp\/v2\/types\/page"}],"author":[{"embeddable":true,"href":"https:\/\/www.alterreg.pl\/pl\/wp-json\/wp\/v2\/users\/1"}],"replies":[{"embeddable":true,"href":"https:\/\/www.alterreg.pl\/pl\/wp-json\/wp\/v2\/comments?post=13"}],"version-history":[{"count":43,"href":"https:\/\/www.alterreg.pl\/pl\/wp-json\/wp\/v2\/pages\/13\/revisions"}],"predecessor-version":[{"id":463,"href":"https:\/\/www.alterreg.pl\/pl\/wp-json\/wp\/v2\/pages\/13\/revisions\/463"}],"wp:attachment":[{"href":"https:\/\/www.alterreg.pl\/pl\/wp-json\/wp\/v2\/media?parent=13"}],"curies":[{"name":"wp","href":"https:\/\/api.w.org\/{rel}","templated":true}]}}