{"id":2,"date":"2015-03-30T23:42:51","date_gmt":"2015-03-30T22:42:51","guid":{"rendered":"http:\/\/altereg.pl\/pl\/?page_id=2"},"modified":"2023-11-12T01:58:30","modified_gmt":"2023-11-12T00:58:30","slug":"o-firmie","status":"publish","type":"page","link":"https:\/\/www.alterreg.pl\/pl\/o-firmie","title":{"rendered":"O FIRMIE"},"content":{"rendered":"<p><a href=\"https:\/\/www.alterreg.pl\/pl\/wp-content\/uploads\/2023\/11\/sli5.jpg\" rel=\"wp-prettyPhoto[2]\"><img loading=\"lazy\" class=\"alignnone size-full wp-image-424\" src=\"https:\/\/www.alterreg.pl\/pl\/wp-content\/uploads\/2023\/11\/sli5.jpg\" alt=\"\" width=\"1920\" height=\"1080\" srcset=\"https:\/\/www.alterreg.pl\/pl\/wp-content\/uploads\/2023\/11\/sli5.jpg 1920w, https:\/\/www.alterreg.pl\/pl\/wp-content\/uploads\/2023\/11\/sli5-300x169.jpg 300w, https:\/\/www.alterreg.pl\/pl\/wp-content\/uploads\/2023\/11\/sli5-1024x576.jpg 1024w, https:\/\/www.alterreg.pl\/pl\/wp-content\/uploads\/2023\/11\/sli5-768x432.jpg 768w, https:\/\/www.alterreg.pl\/pl\/wp-content\/uploads\/2023\/11\/sli5-1536x864.jpg 1536w\" sizes=\"(max-width: 1920px) 100vw, 1920px\" \/><\/a><\/p>\n<p style=\"text-align: left;\">Zajmujemy si\u0119 profesjonaln\u0105 <strong>regeneracj\u0105 cz\u0119\u015bci samochodowych<\/strong> oraz <strong>sprzeda\u017c\u0105 produkt\u00f3w nowych i fabrycznie regenerowanych<\/strong>. Jeste\u015bmy firm\u0105 dzia\u0142aj\u0105c\u0105 na rynku od 2015 roku.<\/p>\n<p style=\"text-align: left;\">W sk\u0142ad naszej oferty wchodzi mi\u0119dzy innymi<strong> naprawa oraz regeneracja alternator\u00f3w i rozrusznik\u00f3w<\/strong>. Nasza oferta dotyczy zar\u00f3wno samochod\u00f3w osobowych, ci\u0119\u017carowych, maszyn rolniczych, budowlanych, jak i pojazd\u00f3w specjalnych. Dodatkowo w ostatnich latach rozbudowali\u015bmy siatk\u0119 naszych us\u0142ug o hydrodynamiczne <strong>czyszczenie filtr\u00f3w cz\u0105stek sta\u0142ych DPF\/FAP i katalizator\u00f3w<\/strong> oraz <strong>ultrad\u017awi\u0119kowe mycie kolektor\u00f3w ss\u0105cych, zawor\u00f3w EGR oraz innych element\u00f3w silnika<\/strong>.<\/p>\n<p style=\"text-align: left;\">Dzi\u0119ki innowacyjnym maszynom i zaawansowanym technologiom naprawy, gwarantujemy Pa\u0144stwu pe\u0142n\u0105 satysfakcj\u0119 z us\u0142ug \u015bwiadczonych przez nasz\u0105 firm\u0119, czego dowodem jest <strong>12 miesi\u0119czna gwarancja<\/strong> jak\u0105 zapewniamy. Je\u017celi poszukujecie Pa\u0144stwo fachowej porady lub specjalistycznej naprawy i obs\u0142ugi na najwy\u017cszym poziomie zapraszamy do siedziby naszej firmy, kt\u00f3ra mie\u015bci si\u0119 w Tarnowie, przy ulicy W\u0142adys\u0142awa Orkana 13.<\/p>\n\n\n<p><\/p>\n","protected":false},"excerpt":{"rendered":"<p>Zajmujemy si\u0119 profesjonaln\u0105 regeneracj\u0105 cz\u0119\u015bci samochodowych oraz sprzeda\u017c\u0105 produkt\u00f3w nowych i fabrycznie regenerowanych. Jeste\u015bmy firm\u0105 dzia\u0142aj\u0105c\u0105 na rynku od 2015 roku. W sk\u0142ad naszej oferty wchodzi mi\u0119dzy innymi naprawa oraz regeneracja alternator\u00f3w i rozrusznik\u00f3w. Nasza oferta dotyczy zar\u00f3wno samochod\u00f3w osobowych, ci\u0119\u017carowych, maszyn rolniczych, budowlanych, jak i pojazd\u00f3w [&hellip;]<\/p>\n","protected":false},"author":1,"featured_media":0,"parent":0,"menu_order":0,"comment_status":"open","ping_status":"closed","template":"","meta":[],"_links":{"self":[{"href":"https:\/\/www.alterreg.pl\/pl\/wp-json\/wp\/v2\/pages\/2"}],"collection":[{"href":"https:\/\/www.alterreg.pl\/pl\/wp-json\/wp\/v2\/pages"}],"about":[{"href":"https:\/\/www.alterreg.pl\/pl\/wp-json\/wp\/v2\/types\/page"}],"author":[{"embeddable":true,"href":"https:\/\/www.alterreg.pl\/pl\/wp-json\/wp\/v2\/users\/1"}],"replies":[{"embeddable":true,"href":"https:\/\/www.alterreg.pl\/pl\/wp-json\/wp\/v2\/comments?post=2"}],"version-history":[{"count":22,"href":"https:\/\/www.alterreg.pl\/pl\/wp-json\/wp\/v2\/pages\/2\/revisions"}],"predecessor-version":[{"id":446,"href":"https:\/\/www.alterreg.pl\/pl\/wp-json\/wp\/v2\/pages\/2\/revisions\/446"}],"wp:attachment":[{"href":"https:\/\/www.alterreg.pl\/pl\/wp-json\/wp\/v2\/media?parent=2"}],"curies":[{"name":"wp","href":"https:\/\/api.w.org\/{rel}","templated":true}]}}